{"id":9873,"date":"2024-10-15T09:47:17","date_gmt":"2024-10-15T07:47:17","guid":{"rendered":"https:\/\/blacks.do.dev.devhoop.com\/?page_id=9873"},"modified":"2024-10-22T14:59:40","modified_gmt":"2024-10-22T12:59:40","slug":"finanziamenti-e-bandi","status":"publish","type":"page","link":"https:\/\/www.blacks-composites.it\/en\/funding-and-calls-for-proposals\/","title":{"rendered":"Funding and calls for proposals"},"content":{"rendered":"<div data-elementor-type=\"wp-page\" data-elementor-id=\"9873\" class=\"elementor elementor-9873\" data-elementor-post-type=\"page\">\n\t\t\t\t\t\t<section class=\"elementor-section elementor-top-section elementor-element elementor-element-c2c0a91 elementor-section-full_width elementor-section-height-default elementor-section-height-default qodef-gradient-background--no qodef-elementor-content-no\" data-id=\"c2c0a91\" data-element_type=\"section\" data-settings=\"{&quot;background_background&quot;:&quot;classic&quot;}\">\n\t\t\t\t\t\t<div class=\"elementor-container elementor-column-gap-default\">\n\t\t\t\t\t<div class=\"elementor-column elementor-col-100 elementor-top-column elementor-element elementor-element-e9e22c0 qodef-gradient-background-column--no\" data-id=\"e9e22c0\" data-element_type=\"column\">\n\t\t\t<div class=\"elementor-widget-wrap\">\n\t\t\t\t\t\t\t<\/div>\n\t\t<\/div>\n\t\t\t\t\t<\/div>\n\t\t<\/section>\n\t\t\t\t<section class=\"elementor-section elementor-top-section elementor-element elementor-element-5baddff elementor-section-full_width elementor-section-height-default elementor-section-height-default qodef-gradient-background--no qodef-elementor-content-no\" data-id=\"5baddff\" data-element_type=\"section\" data-settings=\"{&quot;background_background&quot;:&quot;classic&quot;}\">\n\t\t\t\t\t\t<div class=\"elementor-container elementor-column-gap-default\">\n\t\t\t\t\t<div class=\"elementor-column elementor-col-100 elementor-top-column elementor-element elementor-element-b105f05 qodef-gradient-background-column--no\" data-id=\"b105f05\" data-element_type=\"column\">\n\t\t\t<div class=\"elementor-widget-wrap elementor-element-populated\">\n\t\t\t\t\t\t<div class=\"elementor-element elementor-element-ccc1334 elementor-widget elementor-widget-text-editor\" data-id=\"ccc1334\" data-element_type=\"widget\" data-widget_type=\"text-editor.default\">\n\t\t\t\t<div class=\"elementor-widget-container\">\n\t\t\t\t\t\t\t<h3><strong>Supporting productive investment aimed at business innovation<\/strong><\/h3><p>Blacks Srl, by investing in a new 3D scanning technology, has enhanced its business and strengthened its competitive advantage. The purchased scanner was integrated into the company's system according to Industry 4.0 principles, opening up new possibilities such as digitized checks of component compliance, product development, and more efficient reverse engineering.<\/p>\t\t\t\t\t\t<\/div>\n\t\t\t\t<\/div>\n\t\t\t\t<div class=\"elementor-element elementor-element-cdbb893 elementor-widget elementor-widget-text-editor\" data-id=\"cdbb893\" data-element_type=\"widget\" data-widget_type=\"text-editor.default\">\n\t\t\t\t<div class=\"elementor-widget-container\">\n\t\t\t\t\t\t\t<h3><strong>Digital adaptation of manufacturing technologies in the composite materials industry<\/strong><\/h3><p>In the world of motorsports competition, there are structural component productions with a very high degree of craftsmanship where business process integration holds a significant competitive cue.<\/p><p class=\" translation-block\">For this reason, <strong>Blacks has for years been committed to improving business digitization through the implementation of integrated process systems.<\/strong><\/p><p>In this project, implemented with the support of European funds from the Emilia Romagna Region, Blacks aimed to enhance the sustainability of the company's growth process, modifying existing plants for their integration into the production process by bringing necessary modifications to interconnection in accordance with the requirements of Industry 4.0.<\/p><p>The changes make it possible to improve the monitoring of machinery operating parameters by moving from the current PLC-based operator control, manual entry of work cycles and offline data downloading, to a system that complies with Industry 4.0 requirements.<\/p>\t\t\t\t\t\t<\/div>\n\t\t\t\t<\/div>\n\t\t\t\t<div class=\"elementor-element elementor-element-462d3ce elementor-widget elementor-widget-image\" data-id=\"462d3ce\" data-element_type=\"widget\" data-widget_type=\"image.default\">\n\t\t\t\t<div class=\"elementor-widget-container\">\n\t\t\t\t\t\t\t\t\t\t\t\t\t<img fetchpriority=\"high\" decoding=\"async\" width=\"900\" height=\"243\" src=\"https:\/\/www.blacks-composites.it\/wp-content\/uploads\/2024\/09\/loghi.jpg\" class=\"attachment-large size-large wp-image-9797\" alt=\"\" srcset=\"https:\/\/www.blacks-composites.it\/wp-content\/uploads\/2024\/09\/loghi.jpg 900w, https:\/\/www.blacks-composites.it\/wp-content\/uploads\/2024\/09\/loghi-300x81.jpg 300w, https:\/\/www.blacks-composites.it\/wp-content\/uploads\/2024\/09\/loghi-768x207.jpg 768w\" sizes=\"(max-width: 900px) 100vw, 900px\" \/>\t\t\t\t\t\t\t\t\t\t\t\t\t<\/div>\n\t\t\t\t<\/div>\n\t\t\t\t<div class=\"elementor-element elementor-element-cc3d75e elementor-widget elementor-widget-text-editor\" data-id=\"cc3d75e\" data-element_type=\"widget\" data-widget_type=\"text-editor.default\">\n\t\t\t\t<div class=\"elementor-widget-container\">\n\t\t\t\t\t\t\t<h3>POR FESR EMILIA ROMAGNA 1.1.2<\/h3><p><b>Project for the abatement of environmental impact both within the company's production cycles and with regard to the materials used<\/b><\/p><p><b><br \/>Description of the project <br \/><\/b>Blacks' target market is evolving toward a strong reduction in the environmental impact of both the manufacturing process and the materials themselves. Blacks has therefore decided to engage in a project aimed at innovation in sustainability by researching the sustainability of manufacturing stages and expanding the product range by including composites with reduced environmental impact.<\/p><p><b><br \/>Goals <\/b><\/p><p>Blacks wants to identify a production cycle that will reduce the raw materials used for mold making and the energy required for the production process. It also wants to carry out the study of composites with commitment of natural and recycled carbon fibers and bio-based matrices.<\/p><p><b><br \/>Results<\/b><\/p><p>With the results of this project, Blacks aims to enhance technological and innovative expertise, fostering the composites industry's transition to greater sustainability.<\/p><p><br \/>Project co-financed by the European Regional Development Fund.<\/p>\t\t\t\t\t\t<\/div>\n\t\t\t\t<\/div>\n\t\t\t\t\t<\/div>\n\t\t<\/div>\n\t\t\t\t\t<\/div>\n\t\t<\/section>\n\t\t\t\t<\/div>","protected":false},"excerpt":{"rendered":"<p>Sostegno degli investimenti produttivi finalizzati all\u2019innovazione delle imprese Blacks Srl, grazie all\u2019investimento in una nuova tecnologia di scansione 3D, ha potenziato la propria attivit\u00e0 e rafforzato il vantaggio competitivo. Lo scanner acquistato \u00e8 stato integrato nel sistema aziendale secondo i principi dell&#8217;industria 4.0, aprendo nuove possibilit\u00e0 come controlli digitalizzati della conformit\u00e0 dei componenti, sviluppo del [&hellip;]<\/p>","protected":false},"author":1,"featured_media":0,"parent":0,"menu_order":0,"comment_status":"closed","ping_status":"closed","template":"page-full-width.php","meta":{"footnotes":""},"class_list":["post-9873","page","type-page","status-publish","hentry"],"yoast_head":"<!-- This site is optimized with the Yoast SEO plugin v23.6 - https:\/\/yoast.com\/wordpress\/plugins\/seo\/ -->\n<title>Finanziamenti e bandi | - Blacks Srl<\/title>\n<meta name=\"description\" content=\"Blacks partecipa a progetti, bandi e finanziamenti per l&#039;innovazione e per l\u2019abbattimento dell\u2019impatto ambientale.\" \/>\n<meta name=\"robots\" content=\"index, follow, max-snippet:-1, max-image-preview:large, max-video-preview:-1\" \/>\n<link rel=\"canonical\" href=\"https:\/\/www.blacks-composites.it\/en\/funding-and-calls-for-proposals\/\" \/>\n<meta property=\"og:locale\" content=\"en_GB\" \/>\n<meta property=\"og:type\" content=\"article\" \/>\n<meta property=\"og:title\" content=\"Finanziamenti e bandi | - Blacks Srl\" \/>\n<meta property=\"og:description\" content=\"Blacks partecipa a progetti, bandi e finanziamenti per l&#039;innovazione e per l\u2019abbattimento dell\u2019impatto ambientale.\" \/>\n<meta property=\"og:url\" content=\"https:\/\/www.blacks-composites.it\/en\/funding-and-calls-for-proposals\/\" \/>\n<meta property=\"og:site_name\" content=\"Blacks Srl\" \/>\n<meta property=\"article:modified_time\" content=\"2024-10-22T12:59:40+00:00\" \/>\n<meta property=\"og:image\" content=\"https:\/\/www.blacks-composites.it\/wp-content\/uploads\/2024\/09\/loghi.jpg\" \/>\n<meta name=\"twitter:card\" content=\"summary_large_image\" \/>\n<meta name=\"twitter:label1\" content=\"Estimated reading time\" \/>\n\t<meta name=\"twitter:data1\" content=\"3 minutes\" \/>\n<script type=\"application\/ld+json\" class=\"yoast-schema-graph\">{\"@context\":\"https:\/\/schema.org\",\"@graph\":[{\"@type\":\"WebPage\",\"@id\":\"https:\/\/www.blacks-composites.it\/finanziamenti-e-bandi\/\",\"url\":\"https:\/\/www.blacks-composites.it\/finanziamenti-e-bandi\/\",\"name\":\"Finanziamenti e bandi | - Blacks Srl\",\"isPartOf\":{\"@id\":\"https:\/\/www.blacks-composites.it\/#website\"},\"primaryImageOfPage\":{\"@id\":\"https:\/\/www.blacks-composites.it\/finanziamenti-e-bandi\/#primaryimage\"},\"image\":{\"@id\":\"https:\/\/www.blacks-composites.it\/finanziamenti-e-bandi\/#primaryimage\"},\"thumbnailUrl\":\"https:\/\/www.blacks-composites.it\/wp-content\/uploads\/2024\/09\/loghi.jpg\",\"datePublished\":\"2024-10-15T07:47:17+00:00\",\"dateModified\":\"2024-10-22T12:59:40+00:00\",\"description\":\"Blacks partecipa a progetti, bandi e finanziamenti per l'innovazione e per l\u2019abbattimento dell\u2019impatto ambientale.\",\"breadcrumb\":{\"@id\":\"https:\/\/www.blacks-composites.it\/finanziamenti-e-bandi\/#breadcrumb\"},\"inLanguage\":\"en-GB\",\"potentialAction\":[{\"@type\":\"ReadAction\",\"target\":[\"https:\/\/www.blacks-composites.it\/finanziamenti-e-bandi\/\"]}]},{\"@type\":\"ImageObject\",\"inLanguage\":\"en-GB\",\"@id\":\"https:\/\/www.blacks-composites.it\/finanziamenti-e-bandi\/#primaryimage\",\"url\":\"https:\/\/www.blacks-composites.it\/wp-content\/uploads\/2024\/09\/loghi.jpg\",\"contentUrl\":\"https:\/\/www.blacks-composites.it\/wp-content\/uploads\/2024\/09\/loghi.jpg\"},{\"@type\":\"BreadcrumbList\",\"@id\":\"https:\/\/www.blacks-composites.it\/finanziamenti-e-bandi\/#breadcrumb\",\"itemListElement\":[{\"@type\":\"ListItem\",\"position\":1,\"name\":\"Home\",\"item\":\"https:\/\/www.blacks-composites.it\/\"},{\"@type\":\"ListItem\",\"position\":2,\"name\":\"Finanziamenti e bandi\"}]},{\"@type\":\"WebSite\",\"@id\":\"https:\/\/www.blacks-composites.it\/#website\",\"url\":\"https:\/\/www.blacks-composites.it\/\",\"name\":\"Blacks Srl\",\"description\":\"Produzione componenti in materiali compositi avanzati\",\"potentialAction\":[{\"@type\":\"SearchAction\",\"target\":{\"@type\":\"EntryPoint\",\"urlTemplate\":\"https:\/\/www.blacks-composites.it\/?s={search_term_string}\"},\"query-input\":{\"@type\":\"PropertyValueSpecification\",\"valueRequired\":true,\"valueName\":\"search_term_string\"}}],\"inLanguage\":\"en-GB\"}]}<\/script>\n<!-- \/ Yoast SEO plugin. -->","yoast_head_json":{"title":"Finanziamenti e bandi | - Blacks Srl","description":"Blacks partecipa a progetti, bandi e finanziamenti per l'innovazione e per l\u2019abbattimento dell\u2019impatto ambientale.","robots":{"index":"index","follow":"follow","max-snippet":"max-snippet:-1","max-image-preview":"max-image-preview:large","max-video-preview":"max-video-preview:-1"},"canonical":"https:\/\/www.blacks-composites.it\/en\/funding-and-calls-for-proposals\/","og_locale":"en_GB","og_type":"article","og_title":"Finanziamenti e bandi | - Blacks Srl","og_description":"Blacks partecipa a progetti, bandi e finanziamenti per l'innovazione e per l\u2019abbattimento dell\u2019impatto ambientale.","og_url":"https:\/\/www.blacks-composites.it\/en\/funding-and-calls-for-proposals\/","og_site_name":"Blacks Srl","article_modified_time":"2024-10-22T12:59:40+00:00","og_image":[{"url":"https:\/\/www.blacks-composites.it\/wp-content\/uploads\/2024\/09\/loghi.jpg"}],"twitter_card":"summary_large_image","twitter_misc":{"Estimated reading time":"3 minutes"},"schema":{"@context":"https:\/\/schema.org","@graph":[{"@type":"WebPage","@id":"https:\/\/www.blacks-composites.it\/finanziamenti-e-bandi\/","url":"https:\/\/www.blacks-composites.it\/finanziamenti-e-bandi\/","name":"Finanziamenti e bandi | - Blacks Srl","isPartOf":{"@id":"https:\/\/www.blacks-composites.it\/#website"},"primaryImageOfPage":{"@id":"https:\/\/www.blacks-composites.it\/finanziamenti-e-bandi\/#primaryimage"},"image":{"@id":"https:\/\/www.blacks-composites.it\/finanziamenti-e-bandi\/#primaryimage"},"thumbnailUrl":"https:\/\/www.blacks-composites.it\/wp-content\/uploads\/2024\/09\/loghi.jpg","datePublished":"2024-10-15T07:47:17+00:00","dateModified":"2024-10-22T12:59:40+00:00","description":"Blacks partecipa a progetti, bandi e finanziamenti per l'innovazione e per l\u2019abbattimento dell\u2019impatto ambientale.","breadcrumb":{"@id":"https:\/\/www.blacks-composites.it\/finanziamenti-e-bandi\/#breadcrumb"},"inLanguage":"en-GB","potentialAction":[{"@type":"ReadAction","target":["https:\/\/www.blacks-composites.it\/finanziamenti-e-bandi\/"]}]},{"@type":"ImageObject","inLanguage":"en-GB","@id":"https:\/\/www.blacks-composites.it\/finanziamenti-e-bandi\/#primaryimage","url":"https:\/\/www.blacks-composites.it\/wp-content\/uploads\/2024\/09\/loghi.jpg","contentUrl":"https:\/\/www.blacks-composites.it\/wp-content\/uploads\/2024\/09\/loghi.jpg"},{"@type":"BreadcrumbList","@id":"https:\/\/www.blacks-composites.it\/finanziamenti-e-bandi\/#breadcrumb","itemListElement":[{"@type":"ListItem","position":1,"name":"Home","item":"https:\/\/www.blacks-composites.it\/"},{"@type":"ListItem","position":2,"name":"Finanziamenti e bandi"}]},{"@type":"WebSite","@id":"https:\/\/www.blacks-composites.it\/#website","url":"https:\/\/www.blacks-composites.it\/","name":"Blacks Srl","description":"Produzione componenti in materiali compositi avanzati","potentialAction":[{"@type":"SearchAction","target":{"@type":"EntryPoint","urlTemplate":"https:\/\/www.blacks-composites.it\/?s={search_term_string}"},"query-input":{"@type":"PropertyValueSpecification","valueRequired":true,"valueName":"search_term_string"}}],"inLanguage":"en-GB"}]}},"_links":{"self":[{"href":"https:\/\/www.blacks-composites.it\/en\/wp-json\/wp\/v2\/pages\/9873","targetHints":{"allow":["GET"]}}],"collection":[{"href":"https:\/\/www.blacks-composites.it\/en\/wp-json\/wp\/v2\/pages"}],"about":[{"href":"https:\/\/www.blacks-composites.it\/en\/wp-json\/wp\/v2\/types\/page"}],"author":[{"embeddable":true,"href":"https:\/\/www.blacks-composites.it\/en\/wp-json\/wp\/v2\/users\/1"}],"replies":[{"embeddable":true,"href":"https:\/\/www.blacks-composites.it\/en\/wp-json\/wp\/v2\/comments?post=9873"}],"version-history":[{"count":3,"href":"https:\/\/www.blacks-composites.it\/en\/wp-json\/wp\/v2\/pages\/9873\/revisions"}],"predecessor-version":[{"id":10262,"href":"https:\/\/www.blacks-composites.it\/en\/wp-json\/wp\/v2\/pages\/9873\/revisions\/10262"}],"wp:attachment":[{"href":"https:\/\/www.blacks-composites.it\/en\/wp-json\/wp\/v2\/media?parent=9873"}],"curies":[{"name":"wp","href":"https:\/\/api.w.org\/{rel}","templated":true}]}}